{"id":17,"date":"2021-11-15T14:17:35","date_gmt":"2021-11-15T14:17:35","guid":{"rendered":"http:\/\/www.verhoomo52.fi\/?page_id=17"},"modified":"2024-02-27T09:46:17","modified_gmt":"2024-02-27T09:46:17","slug":"tarina","status":"publish","type":"page","link":"https:\/\/www.verhoomo52.fi\/index.php\/tarina\/","title":{"rendered":"Tarina"},"content":{"rendered":"\t\t<div data-elementor-type=\"wp-page\" data-elementor-id=\"17\" class=\"elementor elementor-17\">\n\t\t\t\t\t\t<section class=\"elementor-section elementor-top-section elementor-element elementor-element-1myckwf elementor-section-content-middle elementor-section-boxed elementor-section-height-default elementor-section-height-default\" data-id=\"1myckwf\" data-element_type=\"section\" data-e-type=\"section\" data-settings=\"{&quot;background_background&quot;:&quot;classic&quot;}\">\n\t\t\t\t\t\t\t<div class=\"elementor-background-overlay\"><\/div>\n\t\t\t\t\t\t\t<div class=\"elementor-container elementor-column-gap-no\">\n\t\t\t\t\t<div class=\"elementor-column elementor-col-50 elementor-top-column elementor-element elementor-element-7c4d4fc\" data-id=\"7c4d4fc\" data-element_type=\"column\" data-e-type=\"column\" data-settings=\"{&quot;background_background&quot;:&quot;classic&quot;}\">\n\t\t\t<div class=\"elementor-widget-wrap elementor-element-populated\">\n\t\t\t\t\t<div class=\"elementor-background-overlay\"><\/div>\n\t\t\t\t\t\t<div class=\"elementor-element elementor-element-f71383f elementor-widget elementor-widget-image\" data-id=\"f71383f\" data-element_type=\"widget\" data-e-type=\"widget\" data-widget_type=\"image.default\">\n\t\t\t\t<div class=\"elementor-widget-container\">\n\t\t\t\t\t\t\t\t\t\t\t\t\t\t\t<img fetchpriority=\"high\" decoding=\"async\" width=\"859\" height=\"1200\" src=\"https:\/\/www.verhoomo52.fi\/wp-content\/uploads\/2021\/11\/Verhoomo52-Maria_Helsinki-1.jpg\" class=\"attachment-full size-full wp-image-416\" alt=\"Verhoomo 52 - verhoilija - Helsinki - Ullanlinna - Punavuori\" srcset=\"https:\/\/www.verhoomo52.fi\/wp-content\/uploads\/2021\/11\/Verhoomo52-Maria_Helsinki-1.jpg 859w, https:\/\/www.verhoomo52.fi\/wp-content\/uploads\/2021\/11\/Verhoomo52-Maria_Helsinki-1-215x300.jpg 215w, https:\/\/www.verhoomo52.fi\/wp-content\/uploads\/2021\/11\/Verhoomo52-Maria_Helsinki-1-768x1073.jpg 768w\" sizes=\"(max-width: 859px) 100vw, 859px\" \/>\t\t\t\t\t\t\t\t\t\t\t\t\t\t\t<\/div>\n\t\t\t\t<\/div>\n\t\t\t\t\t<\/div>\n\t\t<\/div>\n\t\t\t\t<div class=\"elementor-column elementor-col-50 elementor-top-column elementor-element elementor-element-6f6465c\" data-id=\"6f6465c\" data-element_type=\"column\" data-e-type=\"column\" data-settings=\"{&quot;background_background&quot;:&quot;classic&quot;}\">\n\t\t\t<div class=\"elementor-widget-wrap elementor-element-populated\">\n\t\t\t\t\t\t<div class=\"elementor-element elementor-element-726a5c3 elementor-widget elementor-widget-heading\" data-id=\"726a5c3\" data-element_type=\"widget\" data-e-type=\"widget\" data-widget_type=\"heading.default\">\n\t\t\t\t<div class=\"elementor-widget-container\">\n\t\t\t\t\t<h2 class=\"elementor-heading-title elementor-size-default\">Verhoomo 52:n tarina<\/h2>\t\t\t\t<\/div>\n\t\t\t\t<\/div>\n\t\t\t\t<div class=\"elementor-element elementor-element-9506a11 elementor-widget elementor-widget-text-editor\" data-id=\"9506a11\" data-element_type=\"widget\" data-e-type=\"widget\" data-widget_type=\"text-editor.default\">\n\t\t\t\t<div class=\"elementor-widget-container\">\n\t\t\t\t\t\t\t\t\t<p style=\"text-align: left;\">Verhoomo 52 syntyi silkasta k\u00e4sill\u00e4 tekemisen ilosta sek\u00e4 rakkaudesta vanhoihin tuoleihin.\u00a0<span style=\"font-style: inherit; color: var( --e-global-color-text ); font-family: var( --e-global-typography-text-font-family ), Sans-serif;\">Erityisen l\u00e4hell\u00e4 syd\u00e4nt\u00e4ni ovat 50\u201360-luvun tuolit ja sohvat sek\u00e4 sympaattiset antiikkituolit, jotka ovat selvinneet sinnikk\u00e4\u00e4sti aina t\u00e4h\u00e4n p\u00e4iv\u00e4\u00e4n.\u00a0<\/span><\/p><p><span style=\"font-style: inherit; color: var( --e-global-color-text ); font-family: var( --e-global-typography-text-font-family ), Sans-serif;\">Iso\u00e4idilt\u00e4ni perityt k\u00e4dentaidot ovat olleet osa minua lapsesta saakka. Ty\u00f6el\u00e4m\u00e4ss\u00e4 olen kehitt\u00e4nyt k\u00e4dentaitojani kehyst\u00e4j\u00e4n\u00e4, ja visuaalista silm\u00e4\u00e4ni valokuvaajana sek\u00e4 kuvanvalmistajana. Verhoilu vei mukanaan ensimm\u00e4isest\u00e4 kurssista l\u00e4htien ja elokuussa 2021 valmistuin Taideteollisuusalan artesaaniksi verhoilulinjalta.\u00a0<\/span><\/p><p>Nimi Verhoomo 52 sai inspiraation Carl-Gustaf Hiort af Orn\u00e4sin vuonna 1952 suunnittelemasta Siesta-tuolista, joka on mielest\u00e4ni yksi\u00a0suomalaisen muotoilun kauneimmista helmist\u00e4.<\/p><p>\u00a0<\/p><p>Maria Kokljuschkin<\/p>\t\t\t\t\t\t\t\t<\/div>\n\t\t\t\t<\/div>\n\t\t\t\t\t<\/div>\n\t\t<\/div>\n\t\t\t\t\t<\/div>\n\t\t<\/section>\n\t\t\t\t<section class=\"elementor-section elementor-top-section elementor-element elementor-element-897b059 elementor-section-boxed elementor-section-height-default elementor-section-height-default\" data-id=\"897b059\" data-element_type=\"section\" data-e-type=\"section\">\n\t\t\t\t\t\t<div class=\"elementor-container elementor-column-gap-default\">\n\t\t\t\t\t<div class=\"elementor-column elementor-col-100 elementor-top-column elementor-element elementor-element-e24a97a\" data-id=\"e24a97a\" data-element_type=\"column\" data-e-type=\"column\">\n\t\t\t<div class=\"elementor-widget-wrap\">\n\t\t\t\t\t\t\t<\/div>\n\t\t<\/div>\n\t\t\t\t\t<\/div>\n\t\t<\/section>\n\t\t\t\t<\/div>\n\t\t","protected":false},"excerpt":{"rendered":"<p>Verhoomo 52:n tarina Verhoomo 52 syntyi silkasta k\u00e4sill\u00e4 tekemisen ilosta sek\u00e4 rakkaudesta vanhoihin tuoleihin.\u00a0Erityisen l\u00e4hell\u00e4 syd\u00e4nt\u00e4ni ovat 50\u201360-luvun tuolit ja sohvat sek\u00e4 sympaattiset antiikkituolit, jotka ovat selvinneet sinnikk\u00e4\u00e4sti aina t\u00e4h\u00e4n p\u00e4iv\u00e4\u00e4n.\u00a0 Iso\u00e4idilt\u00e4ni perityt k\u00e4dentaidot ovat olleet osa minua lapsesta saakka. Ty\u00f6el\u00e4m\u00e4ss\u00e4 olen kehitt\u00e4nyt k\u00e4dentaitojani kehyst\u00e4j\u00e4n\u00e4, ja visuaalista silm\u00e4\u00e4ni valokuvaajana sek\u00e4 kuvanvalmistajana. Verhoilu vei mukanaan ensimm\u00e4isest\u00e4 [&hellip;]<\/p>\n","protected":false},"author":1,"featured_media":0,"parent":0,"menu_order":0,"comment_status":"closed","ping_status":"closed","template":"","meta":{"site-sidebar-layout":"no-sidebar","site-content-layout":"page-builder","ast-site-content-layout":"default","site-content-style":"default","site-sidebar-style":"default","ast-global-header-display":"","ast-banner-title-visibility":"","ast-main-header-display":"","ast-hfb-above-header-display":"","ast-hfb-below-header-display":"","ast-hfb-mobile-header-display":"","site-post-title":"disabled","ast-breadcrumbs-content":"","ast-featured-img":"disabled","footer-sml-layout":"","ast-disable-related-posts":"","theme-transparent-header-meta":"","adv-header-id-meta":"","stick-header-meta":"","header-above-stick-meta":"","header-main-stick-meta":"","header-below-stick-meta":"","astra-migrate-meta-layouts":"default","ast-page-background-enabled":"default","ast-page-background-meta":{"desktop":{"background-color":"var(--ast-global-color-4)","background-image":"","background-repeat":"repeat","background-position":"center center","background-size":"auto","background-attachment":"scroll","background-type":"","background-media":"","overlay-type":"","overlay-color":"","overlay-opacity":"","overlay-gradient":""},"tablet":{"background-color":"","background-image":"","background-repeat":"repeat","background-position":"center center","background-size":"auto","background-attachment":"scroll","background-type":"","background-media":"","overlay-type":"","overlay-color":"","overlay-opacity":"","overlay-gradient":""},"mobile":{"background-color":"","background-image":"","background-repeat":"repeat","background-position":"center center","background-size":"auto","background-attachment":"scroll","background-type":"","background-media":"","overlay-type":"","overlay-color":"","overlay-opacity":"","overlay-gradient":""}},"ast-content-background-meta":{"desktop":{"background-color":"var(--ast-global-color-5)","background-image":"","background-repeat":"repeat","background-position":"center center","background-size":"auto","background-attachment":"scroll","background-type":"","background-media":"","overlay-type":"","overlay-color":"","overlay-opacity":"","overlay-gradient":""},"tablet":{"background-color":"var(--ast-global-color-5)","background-image":"","background-repeat":"repeat","background-position":"center center","background-size":"auto","background-attachment":"scroll","background-type":"","background-media":"","overlay-type":"","overlay-color":"","overlay-opacity":"","overlay-gradient":""},"mobile":{"background-color":"var(--ast-global-color-5)","background-image":"","background-repeat":"repeat","background-position":"center center","background-size":"auto","background-attachment":"scroll","background-type":"","background-media":"","overlay-type":"","overlay-color":"","overlay-opacity":"","overlay-gradient":""}},"footnotes":""},"class_list":["post-17","page","type-page","status-publish","hentry"],"yoast_head":"<!-- This site is optimized with the Yoast SEO plugin v27.4 - https:\/\/yoast.com\/product\/yoast-seo-wordpress\/ -->\n<title>Tarina - Verhoomo keskell&auml; Helsinki&auml;<\/title>\n<meta name=\"robots\" content=\"index, follow, max-snippet:-1, max-image-preview:large, max-video-preview:-1\" \/>\n<link rel=\"canonical\" href=\"https:\/\/www.verhoomo52.fi\/index.php\/tarina\/\" \/>\n<meta property=\"og:locale\" content=\"fi_FI\" \/>\n<meta property=\"og:type\" content=\"article\" \/>\n<meta property=\"og:title\" content=\"Tarina - Verhoomo keskell&auml; Helsinki&auml;\" \/>\n<meta property=\"og:description\" content=\"Verhoomo 52:n tarina Verhoomo 52 syntyi silkasta k\u00e4sill\u00e4 tekemisen ilosta sek\u00e4 rakkaudesta vanhoihin tuoleihin.\u00a0Erityisen l\u00e4hell\u00e4 syd\u00e4nt\u00e4ni ovat 50\u201360-luvun tuolit ja sohvat sek\u00e4 sympaattiset antiikkituolit, jotka ovat selvinneet sinnikk\u00e4\u00e4sti aina t\u00e4h\u00e4n p\u00e4iv\u00e4\u00e4n.\u00a0 Iso\u00e4idilt\u00e4ni perityt k\u00e4dentaidot ovat olleet osa minua lapsesta saakka. Ty\u00f6el\u00e4m\u00e4ss\u00e4 olen kehitt\u00e4nyt k\u00e4dentaitojani kehyst\u00e4j\u00e4n\u00e4, ja visuaalista silm\u00e4\u00e4ni valokuvaajana sek\u00e4 kuvanvalmistajana. Verhoilu vei mukanaan ensimm\u00e4isest\u00e4 [&hellip;]\" \/>\n<meta property=\"og:url\" content=\"https:\/\/www.verhoomo52.fi\/index.php\/tarina\/\" \/>\n<meta property=\"og:site_name\" content=\"Verhoomo keskell&auml; Helsinki&auml;\" \/>\n<meta property=\"article:publisher\" content=\"https:\/\/www.facebook.com\/verhoomo52\" \/>\n<meta property=\"article:modified_time\" content=\"2024-02-27T09:46:17+00:00\" \/>\n<meta property=\"og:image\" content=\"http:\/\/www.verhoomo52.fi\/wp-content\/uploads\/2021\/11\/Verhoomo52-Maria_Helsinki-1.jpg\" \/>\n<meta name=\"twitter:card\" content=\"summary_large_image\" \/>\n<meta name=\"twitter:label1\" content=\"Arvioitu lukuaika\" \/>\n\t<meta name=\"twitter:data1\" content=\"1 minuutti\" \/>\n<script type=\"application\/ld+json\" class=\"yoast-schema-graph\">{\"@context\":\"https:\\\/\\\/schema.org\",\"@graph\":[{\"@type\":\"WebPage\",\"@id\":\"https:\\\/\\\/www.verhoomo52.fi\\\/index.php\\\/tarina\\\/\",\"url\":\"https:\\\/\\\/www.verhoomo52.fi\\\/index.php\\\/tarina\\\/\",\"name\":\"Tarina - Verhoomo keskell&auml; Helsinki&auml;\",\"isPartOf\":{\"@id\":\"https:\\\/\\\/www.verhoomo52.fi\\\/#website\"},\"primaryImageOfPage\":{\"@id\":\"https:\\\/\\\/www.verhoomo52.fi\\\/index.php\\\/tarina\\\/#primaryimage\"},\"image\":{\"@id\":\"https:\\\/\\\/www.verhoomo52.fi\\\/index.php\\\/tarina\\\/#primaryimage\"},\"thumbnailUrl\":\"http:\\\/\\\/www.verhoomo52.fi\\\/wp-content\\\/uploads\\\/2021\\\/11\\\/Verhoomo52-Maria_Helsinki-1.jpg\",\"datePublished\":\"2021-11-15T14:17:35+00:00\",\"dateModified\":\"2024-02-27T09:46:17+00:00\",\"breadcrumb\":{\"@id\":\"https:\\\/\\\/www.verhoomo52.fi\\\/index.php\\\/tarina\\\/#breadcrumb\"},\"inLanguage\":\"fi\",\"potentialAction\":[{\"@type\":\"ReadAction\",\"target\":[\"https:\\\/\\\/www.verhoomo52.fi\\\/index.php\\\/tarina\\\/\"]}]},{\"@type\":\"ImageObject\",\"inLanguage\":\"fi\",\"@id\":\"https:\\\/\\\/www.verhoomo52.fi\\\/index.php\\\/tarina\\\/#primaryimage\",\"url\":\"http:\\\/\\\/www.verhoomo52.fi\\\/wp-content\\\/uploads\\\/2021\\\/11\\\/Verhoomo52-Maria_Helsinki-1.jpg\",\"contentUrl\":\"http:\\\/\\\/www.verhoomo52.fi\\\/wp-content\\\/uploads\\\/2021\\\/11\\\/Verhoomo52-Maria_Helsinki-1.jpg\"},{\"@type\":\"BreadcrumbList\",\"@id\":\"https:\\\/\\\/www.verhoomo52.fi\\\/index.php\\\/tarina\\\/#breadcrumb\",\"itemListElement\":[{\"@type\":\"ListItem\",\"position\":1,\"name\":\"Etusivu\",\"item\":\"https:\\\/\\\/www.verhoomo52.fi\\\/\"},{\"@type\":\"ListItem\",\"position\":2,\"name\":\"Tarina\"}]},{\"@type\":\"WebSite\",\"@id\":\"https:\\\/\\\/www.verhoomo52.fi\\\/#website\",\"url\":\"https:\\\/\\\/www.verhoomo52.fi\\\/\",\"name\":\"Verhoomo 52\",\"description\":\"Verhoomo keskell&auml; Helsinki&auml;\",\"publisher\":{\"@id\":\"https:\\\/\\\/www.verhoomo52.fi\\\/#organization\"},\"potentialAction\":[{\"@type\":\"SearchAction\",\"target\":{\"@type\":\"EntryPoint\",\"urlTemplate\":\"https:\\\/\\\/www.verhoomo52.fi\\\/?s={search_term_string}\"},\"query-input\":{\"@type\":\"PropertyValueSpecification\",\"valueRequired\":true,\"valueName\":\"search_term_string\"}}],\"inLanguage\":\"fi\"},{\"@type\":\"Organization\",\"@id\":\"https:\\\/\\\/www.verhoomo52.fi\\\/#organization\",\"name\":\"Verhoomo 52\",\"url\":\"https:\\\/\\\/www.verhoomo52.fi\\\/\",\"logo\":{\"@type\":\"ImageObject\",\"inLanguage\":\"fi\",\"@id\":\"https:\\\/\\\/www.verhoomo52.fi\\\/#\\\/schema\\\/logo\\\/image\\\/\",\"url\":\"https:\\\/\\\/www.verhoomo52.fi\\\/wp-content\\\/uploads\\\/2021\\\/12\\\/Verhoomo52-logo-960-ymp.jpg\",\"contentUrl\":\"https:\\\/\\\/www.verhoomo52.fi\\\/wp-content\\\/uploads\\\/2021\\\/12\\\/Verhoomo52-logo-960-ymp.jpg\",\"width\":960,\"height\":960,\"caption\":\"Verhoomo 52\"},\"image\":{\"@id\":\"https:\\\/\\\/www.verhoomo52.fi\\\/#\\\/schema\\\/logo\\\/image\\\/\"},\"sameAs\":[\"https:\\\/\\\/www.facebook.com\\\/verhoomo52\",\"https:\\\/\\\/www.instagram.com\\\/verhoomo52\\\/\"]}]}<\/script>\n<!-- \/ Yoast SEO plugin. -->","yoast_head_json":{"title":"Tarina - Verhoomo keskell&auml; Helsinki&auml;","robots":{"index":"index","follow":"follow","max-snippet":"max-snippet:-1","max-image-preview":"max-image-preview:large","max-video-preview":"max-video-preview:-1"},"canonical":"https:\/\/www.verhoomo52.fi\/index.php\/tarina\/","og_locale":"fi_FI","og_type":"article","og_title":"Tarina - Verhoomo keskell&auml; Helsinki&auml;","og_description":"Verhoomo 52:n tarina Verhoomo 52 syntyi silkasta k\u00e4sill\u00e4 tekemisen ilosta sek\u00e4 rakkaudesta vanhoihin tuoleihin.\u00a0Erityisen l\u00e4hell\u00e4 syd\u00e4nt\u00e4ni ovat 50\u201360-luvun tuolit ja sohvat sek\u00e4 sympaattiset antiikkituolit, jotka ovat selvinneet sinnikk\u00e4\u00e4sti aina t\u00e4h\u00e4n p\u00e4iv\u00e4\u00e4n.\u00a0 Iso\u00e4idilt\u00e4ni perityt k\u00e4dentaidot ovat olleet osa minua lapsesta saakka. Ty\u00f6el\u00e4m\u00e4ss\u00e4 olen kehitt\u00e4nyt k\u00e4dentaitojani kehyst\u00e4j\u00e4n\u00e4, ja visuaalista silm\u00e4\u00e4ni valokuvaajana sek\u00e4 kuvanvalmistajana. Verhoilu vei mukanaan ensimm\u00e4isest\u00e4 [&hellip;]","og_url":"https:\/\/www.verhoomo52.fi\/index.php\/tarina\/","og_site_name":"Verhoomo keskell&auml; Helsinki&auml;","article_publisher":"https:\/\/www.facebook.com\/verhoomo52","article_modified_time":"2024-02-27T09:46:17+00:00","og_image":[{"url":"http:\/\/www.verhoomo52.fi\/wp-content\/uploads\/2021\/11\/Verhoomo52-Maria_Helsinki-1.jpg","type":"","width":"","height":""}],"twitter_card":"summary_large_image","twitter_misc":{"Arvioitu lukuaika":"1 minuutti"},"schema":{"@context":"https:\/\/schema.org","@graph":[{"@type":"WebPage","@id":"https:\/\/www.verhoomo52.fi\/index.php\/tarina\/","url":"https:\/\/www.verhoomo52.fi\/index.php\/tarina\/","name":"Tarina - Verhoomo keskell&auml; Helsinki&auml;","isPartOf":{"@id":"https:\/\/www.verhoomo52.fi\/#website"},"primaryImageOfPage":{"@id":"https:\/\/www.verhoomo52.fi\/index.php\/tarina\/#primaryimage"},"image":{"@id":"https:\/\/www.verhoomo52.fi\/index.php\/tarina\/#primaryimage"},"thumbnailUrl":"http:\/\/www.verhoomo52.fi\/wp-content\/uploads\/2021\/11\/Verhoomo52-Maria_Helsinki-1.jpg","datePublished":"2021-11-15T14:17:35+00:00","dateModified":"2024-02-27T09:46:17+00:00","breadcrumb":{"@id":"https:\/\/www.verhoomo52.fi\/index.php\/tarina\/#breadcrumb"},"inLanguage":"fi","potentialAction":[{"@type":"ReadAction","target":["https:\/\/www.verhoomo52.fi\/index.php\/tarina\/"]}]},{"@type":"ImageObject","inLanguage":"fi","@id":"https:\/\/www.verhoomo52.fi\/index.php\/tarina\/#primaryimage","url":"http:\/\/www.verhoomo52.fi\/wp-content\/uploads\/2021\/11\/Verhoomo52-Maria_Helsinki-1.jpg","contentUrl":"http:\/\/www.verhoomo52.fi\/wp-content\/uploads\/2021\/11\/Verhoomo52-Maria_Helsinki-1.jpg"},{"@type":"BreadcrumbList","@id":"https:\/\/www.verhoomo52.fi\/index.php\/tarina\/#breadcrumb","itemListElement":[{"@type":"ListItem","position":1,"name":"Etusivu","item":"https:\/\/www.verhoomo52.fi\/"},{"@type":"ListItem","position":2,"name":"Tarina"}]},{"@type":"WebSite","@id":"https:\/\/www.verhoomo52.fi\/#website","url":"https:\/\/www.verhoomo52.fi\/","name":"Verhoomo 52","description":"Verhoomo keskell&auml; Helsinki&auml;","publisher":{"@id":"https:\/\/www.verhoomo52.fi\/#organization"},"potentialAction":[{"@type":"SearchAction","target":{"@type":"EntryPoint","urlTemplate":"https:\/\/www.verhoomo52.fi\/?s={search_term_string}"},"query-input":{"@type":"PropertyValueSpecification","valueRequired":true,"valueName":"search_term_string"}}],"inLanguage":"fi"},{"@type":"Organization","@id":"https:\/\/www.verhoomo52.fi\/#organization","name":"Verhoomo 52","url":"https:\/\/www.verhoomo52.fi\/","logo":{"@type":"ImageObject","inLanguage":"fi","@id":"https:\/\/www.verhoomo52.fi\/#\/schema\/logo\/image\/","url":"https:\/\/www.verhoomo52.fi\/wp-content\/uploads\/2021\/12\/Verhoomo52-logo-960-ymp.jpg","contentUrl":"https:\/\/www.verhoomo52.fi\/wp-content\/uploads\/2021\/12\/Verhoomo52-logo-960-ymp.jpg","width":960,"height":960,"caption":"Verhoomo 52"},"image":{"@id":"https:\/\/www.verhoomo52.fi\/#\/schema\/logo\/image\/"},"sameAs":["https:\/\/www.facebook.com\/verhoomo52","https:\/\/www.instagram.com\/verhoomo52\/"]}]}},"_links":{"self":[{"href":"https:\/\/www.verhoomo52.fi\/index.php\/wp-json\/wp\/v2\/pages\/17","targetHints":{"allow":["GET"]}}],"collection":[{"href":"https:\/\/www.verhoomo52.fi\/index.php\/wp-json\/wp\/v2\/pages"}],"about":[{"href":"https:\/\/www.verhoomo52.fi\/index.php\/wp-json\/wp\/v2\/types\/page"}],"author":[{"embeddable":true,"href":"https:\/\/www.verhoomo52.fi\/index.php\/wp-json\/wp\/v2\/users\/1"}],"replies":[{"embeddable":true,"href":"https:\/\/www.verhoomo52.fi\/index.php\/wp-json\/wp\/v2\/comments?post=17"}],"version-history":[{"count":83,"href":"https:\/\/www.verhoomo52.fi\/index.php\/wp-json\/wp\/v2\/pages\/17\/revisions"}],"predecessor-version":[{"id":1871,"href":"https:\/\/www.verhoomo52.fi\/index.php\/wp-json\/wp\/v2\/pages\/17\/revisions\/1871"}],"wp:attachment":[{"href":"https:\/\/www.verhoomo52.fi\/index.php\/wp-json\/wp\/v2\/media?parent=17"}],"curies":[{"name":"wp","href":"https:\/\/api.w.org\/{rel}","templated":true}]}}