{"id":122,"date":"2021-11-17T14:21:06","date_gmt":"2021-11-17T14:21:06","guid":{"rendered":"http:\/\/www.verhoomo52.fi\/?page_id=122"},"modified":"2026-03-18T12:37:55","modified_gmt":"2026-03-18T12:37:55","slug":"yhteystiedot","status":"publish","type":"page","link":"https:\/\/www.verhoomo52.fi\/index.php\/yhteystiedot\/","title":{"rendered":"Yhteystiedot"},"content":{"rendered":"\t\t<div data-elementor-type=\"wp-page\" data-elementor-id=\"122\" class=\"elementor elementor-122\">\n\t\t\t\t\t\t<section class=\"elementor-section elementor-top-section elementor-element elementor-element-w5jtx77 elementor-section-full_width elementor-section-height-default elementor-section-height-default\" data-id=\"w5jtx77\" data-element_type=\"section\" data-e-type=\"section\" data-settings=\"{&quot;background_background&quot;:&quot;classic&quot;}\">\n\t\t\t\t\t\t\t<div class=\"elementor-background-overlay\"><\/div>\n\t\t\t\t\t\t\t<div class=\"elementor-container elementor-column-gap-narrow\">\n\t\t\t\t\t<div class=\"elementor-column elementor-col-33 elementor-top-column elementor-element elementor-element-87f7c1b\" data-id=\"87f7c1b\" data-element_type=\"column\" data-e-type=\"column\">\n\t\t\t<div class=\"elementor-widget-wrap\">\n\t\t\t\t\t\t\t<\/div>\n\t\t<\/div>\n\t\t\t\t<div class=\"elementor-column elementor-col-66 elementor-top-column elementor-element elementor-element-fffb19e\" data-id=\"fffb19e\" data-element_type=\"column\" data-e-type=\"column\" data-settings=\"{&quot;background_background&quot;:&quot;classic&quot;}\">\n\t\t\t<div class=\"elementor-widget-wrap elementor-element-populated\">\n\t\t\t\t\t\t<div class=\"elementor-element elementor-element-e92fb3f elementor-widget elementor-widget-heading\" data-id=\"e92fb3f\" data-element_type=\"widget\" data-e-type=\"widget\" data-widget_type=\"heading.default\">\n\t\t\t\t<div class=\"elementor-widget-container\">\n\t\t\t\t\t<h2 class=\"elementor-heading-title elementor-size-default\">Yhteystiedot<\/h2>\t\t\t\t<\/div>\n\t\t\t\t<\/div>\n\t\t\t\t<div class=\"elementor-element elementor-element-2bed998 elementor-widget elementor-widget-text-editor\" data-id=\"2bed998\" data-element_type=\"widget\" data-e-type=\"widget\" data-widget_type=\"text-editor.default\">\n\t\t\t\t<div class=\"elementor-widget-container\">\n\t\t\t\t\t\t\t\t\t<p>Tervetuloa verhoomolle! Verhoomo 52 on avoinna sopimuksen mukaan. <strong>Otathan yhteytt\u00e4 etuk\u00e4teen<\/strong>, jotta olen varmasti paikalla. Sis\u00e4\u00e4nk\u00e4ynti sijaitsee sis\u00e4pihan puolella, joten pirauta kun saavut paikalla.<\/p>\t\t\t\t\t\t\t\t<\/div>\n\t\t\t\t<\/div>\n\t\t\t\t<section class=\"elementor-section elementor-inner-section elementor-element elementor-element-7a8b20a elementor-section-boxed elementor-section-height-default elementor-section-height-default\" data-id=\"7a8b20a\" data-element_type=\"section\" data-e-type=\"section\">\n\t\t\t\t\t\t<div class=\"elementor-container elementor-column-gap-default\">\n\t\t\t\t\t<div class=\"elementor-column elementor-col-33 elementor-inner-column elementor-element elementor-element-4ee6195\" data-id=\"4ee6195\" data-element_type=\"column\" data-e-type=\"column\">\n\t\t\t<div class=\"elementor-widget-wrap elementor-element-populated\">\n\t\t\t\t\t\t<div class=\"elementor-element elementor-element-5151efa elementor-widget elementor-widget-text-editor\" data-id=\"5151efa\" data-element_type=\"widget\" data-e-type=\"widget\" data-widget_type=\"text-editor.default\">\n\t\t\t\t<div class=\"elementor-widget-container\">\n\t\t\t\t\t\t\t\t\t<p><strong>Verhoomo 52<\/strong><\/p><p>Y-tunnus 3245318-6<\/p>\t\t\t\t\t\t\t\t<\/div>\n\t\t\t\t<\/div>\n\t\t\t\t\t<\/div>\n\t\t<\/div>\n\t\t\t\t<div class=\"elementor-column elementor-col-33 elementor-inner-column elementor-element elementor-element-0377004\" data-id=\"0377004\" data-element_type=\"column\" data-e-type=\"column\">\n\t\t\t<div class=\"elementor-widget-wrap elementor-element-populated\">\n\t\t\t\t\t\t<div class=\"elementor-element elementor-element-864c0e1 elementor-widget elementor-widget-text-editor\" data-id=\"864c0e1\" data-element_type=\"widget\" data-e-type=\"widget\" data-widget_type=\"text-editor.default\">\n\t\t\t\t<div class=\"elementor-widget-container\">\n\t\t\t\t\t\t\t\t\t<p>Neitsytpolku 9<\/p><p>00140 Helsinki<\/p>\t\t\t\t\t\t\t\t<\/div>\n\t\t\t\t<\/div>\n\t\t\t\t\t<\/div>\n\t\t<\/div>\n\t\t\t\t<div class=\"elementor-column elementor-col-33 elementor-inner-column elementor-element elementor-element-bde3219\" data-id=\"bde3219\" data-element_type=\"column\" data-e-type=\"column\">\n\t\t\t<div class=\"elementor-widget-wrap elementor-element-populated\">\n\t\t\t\t\t\t<div class=\"elementor-element elementor-element-4ceacf9 elementor-widget elementor-widget-text-editor\" data-id=\"4ceacf9\" data-element_type=\"widget\" data-e-type=\"widget\" data-widget_type=\"text-editor.default\">\n\t\t\t\t<div class=\"elementor-widget-container\">\n\t\t\t\t\t\t\t\t\t<p>info@verhoomo52.fi<\/p><p>Maria 044 9860 937<\/p>\t\t\t\t\t\t\t\t<\/div>\n\t\t\t\t<\/div>\n\t\t\t\t\t<\/div>\n\t\t<\/div>\n\t\t\t\t\t<\/div>\n\t\t<\/section>\n\t\t\t\t<div class=\"elementor-element elementor-element-809bfae elementor-widget elementor-widget-google_maps\" data-id=\"809bfae\" data-element_type=\"widget\" data-e-type=\"widget\" data-widget_type=\"google_maps.default\">\n\t\t\t\t<div class=\"elementor-widget-container\">\n\t\t\t\t\t\t\t<div class=\"elementor-custom-embed\">\n\t\t\t<iframe loading=\"lazy\"\n\t\t\t\t\tsrc=\"https:\/\/maps.google.com\/maps?q=Neitsytpolku%209%20%2C%20Helsinki&#038;t=m&#038;z=15&#038;output=embed&#038;iwloc=near\"\n\t\t\t\t\ttitle=\"Neitsytpolku 9 , Helsinki\"\n\t\t\t\t\taria-label=\"Neitsytpolku 9 , Helsinki\"\n\t\t\t><\/iframe>\n\t\t<\/div>\n\t\t\t\t\t\t<\/div>\n\t\t\t\t<\/div>\n\t\t\t\t\t<\/div>\n\t\t<\/div>\n\t\t\t\t\t<\/div>\n\t\t<\/section>\n\t\t\t\t<\/div>\n\t\t","protected":false},"excerpt":{"rendered":"<p>Yhteystiedot Tervetuloa verhoomolle! Verhoomo 52 on avoinna sopimuksen mukaan. Otathan yhteytt\u00e4 etuk\u00e4teen, jotta olen varmasti paikalla. Sis\u00e4\u00e4nk\u00e4ynti sijaitsee sis\u00e4pihan puolella, joten pirauta kun saavut paikalla. Verhoomo 52 Y-tunnus 3245318-6 Neitsytpolku 9 00140 Helsinki info@verhoomo52.fi Maria 044 9860 937<\/p>\n","protected":false},"author":1,"featured_media":0,"parent":0,"menu_order":0,"comment_status":"closed","ping_status":"closed","template":"","meta":{"site-sidebar-layout":"no-sidebar","site-content-layout":"page-builder","ast-site-content-layout":"full-width-container","site-content-style":"unboxed","site-sidebar-style":"unboxed","ast-global-header-display":"","ast-banner-title-visibility":"","ast-main-header-display":"","ast-hfb-above-header-display":"","ast-hfb-below-header-display":"","ast-hfb-mobile-header-display":"","site-post-title":"","ast-breadcrumbs-content":"","ast-featured-img":"disabled","footer-sml-layout":"","ast-disable-related-posts":"","theme-transparent-header-meta":"","adv-header-id-meta":"","stick-header-meta":"","header-above-stick-meta":"","header-main-stick-meta":"","header-below-stick-meta":"","astra-migrate-meta-layouts":"set","ast-page-background-enabled":"default","ast-page-background-meta":{"desktop":{"background-color":"var(--ast-global-color-4)","background-image":"","background-repeat":"repeat","background-position":"center center","background-size":"auto","background-attachment":"scroll","background-type":"","background-media":"","overlay-type":"","overlay-color":"","overlay-opacity":"","overlay-gradient":""},"tablet":{"background-color":"","background-image":"","background-repeat":"repeat","background-position":"center center","background-size":"auto","background-attachment":"scroll","background-type":"","background-media":"","overlay-type":"","overlay-color":"","overlay-opacity":"","overlay-gradient":""},"mobile":{"background-color":"","background-image":"","background-repeat":"repeat","background-position":"center center","background-size":"auto","background-attachment":"scroll","background-type":"","background-media":"","overlay-type":"","overlay-color":"","overlay-opacity":"","overlay-gradient":""}},"ast-content-background-meta":{"desktop":{"background-color":"var(--ast-global-color-5)","background-image":"","background-repeat":"repeat","background-position":"center center","background-size":"auto","background-attachment":"scroll","background-type":"","background-media":"","overlay-type":"","overlay-color":"","overlay-opacity":"","overlay-gradient":""},"tablet":{"background-color":"var(--ast-global-color-5)","background-image":"","background-repeat":"repeat","background-position":"center center","background-size":"auto","background-attachment":"scroll","background-type":"","background-media":"","overlay-type":"","overlay-color":"","overlay-opacity":"","overlay-gradient":""},"mobile":{"background-color":"var(--ast-global-color-5)","background-image":"","background-repeat":"repeat","background-position":"center center","background-size":"auto","background-attachment":"scroll","background-type":"","background-media":"","overlay-type":"","overlay-color":"","overlay-opacity":"","overlay-gradient":""}},"footnotes":""},"class_list":["post-122","page","type-page","status-publish","hentry"],"yoast_head":"<!-- This site is optimized with the Yoast SEO plugin v27.4 - https:\/\/yoast.com\/product\/yoast-seo-wordpress\/ -->\n<title>Yhteystiedot - Verhoomo keskell&auml; Helsinki&auml;<\/title>\n<meta name=\"robots\" content=\"index, follow, max-snippet:-1, max-image-preview:large, max-video-preview:-1\" \/>\n<link rel=\"canonical\" href=\"https:\/\/www.verhoomo52.fi\/index.php\/yhteystiedot\/\" \/>\n<meta property=\"og:locale\" content=\"fi_FI\" \/>\n<meta property=\"og:type\" content=\"article\" \/>\n<meta property=\"og:title\" content=\"Yhteystiedot - Verhoomo keskell&auml; Helsinki&auml;\" \/>\n<meta property=\"og:description\" content=\"Yhteystiedot Tervetuloa verhoomolle! Verhoomo 52 on avoinna sopimuksen mukaan. Otathan yhteytt\u00e4 etuk\u00e4teen, jotta olen varmasti paikalla. Sis\u00e4\u00e4nk\u00e4ynti sijaitsee sis\u00e4pihan puolella, joten pirauta kun saavut paikalla. Verhoomo 52 Y-tunnus 3245318-6 Neitsytpolku 9 00140 Helsinki info@verhoomo52.fi Maria 044 9860 937\" \/>\n<meta property=\"og:url\" content=\"https:\/\/www.verhoomo52.fi\/index.php\/yhteystiedot\/\" \/>\n<meta property=\"og:site_name\" content=\"Verhoomo keskell&auml; Helsinki&auml;\" \/>\n<meta property=\"article:publisher\" content=\"https:\/\/www.facebook.com\/verhoomo52\" \/>\n<meta property=\"article:modified_time\" content=\"2026-03-18T12:37:55+00:00\" \/>\n<meta property=\"og:image\" content=\"https:\/\/www.verhoomo52.fi\/wp-content\/uploads\/2021\/12\/Verhoomo52-Helsinki-etusivu-1200x638.png\" \/>\n\t<meta property=\"og:image:width\" content=\"1200\" \/>\n\t<meta property=\"og:image:height\" content=\"638\" \/>\n\t<meta property=\"og:image:type\" content=\"image\/png\" \/>\n<meta name=\"twitter:card\" content=\"summary_large_image\" \/>\n<meta name=\"twitter:label1\" content=\"Arvioitu lukuaika\" \/>\n\t<meta name=\"twitter:data1\" content=\"1 minuutti\" \/>\n<script type=\"application\/ld+json\" class=\"yoast-schema-graph\">{\"@context\":\"https:\\\/\\\/schema.org\",\"@graph\":[{\"@type\":\"WebPage\",\"@id\":\"https:\\\/\\\/www.verhoomo52.fi\\\/index.php\\\/yhteystiedot\\\/\",\"url\":\"https:\\\/\\\/www.verhoomo52.fi\\\/index.php\\\/yhteystiedot\\\/\",\"name\":\"Yhteystiedot - Verhoomo keskell&auml; Helsinki&auml;\",\"isPartOf\":{\"@id\":\"https:\\\/\\\/www.verhoomo52.fi\\\/#website\"},\"datePublished\":\"2021-11-17T14:21:06+00:00\",\"dateModified\":\"2026-03-18T12:37:55+00:00\",\"breadcrumb\":{\"@id\":\"https:\\\/\\\/www.verhoomo52.fi\\\/index.php\\\/yhteystiedot\\\/#breadcrumb\"},\"inLanguage\":\"fi\",\"potentialAction\":[{\"@type\":\"ReadAction\",\"target\":[\"https:\\\/\\\/www.verhoomo52.fi\\\/index.php\\\/yhteystiedot\\\/\"]}]},{\"@type\":\"BreadcrumbList\",\"@id\":\"https:\\\/\\\/www.verhoomo52.fi\\\/index.php\\\/yhteystiedot\\\/#breadcrumb\",\"itemListElement\":[{\"@type\":\"ListItem\",\"position\":1,\"name\":\"Etusivu\",\"item\":\"https:\\\/\\\/www.verhoomo52.fi\\\/\"},{\"@type\":\"ListItem\",\"position\":2,\"name\":\"Yhteystiedot\"}]},{\"@type\":\"WebSite\",\"@id\":\"https:\\\/\\\/www.verhoomo52.fi\\\/#website\",\"url\":\"https:\\\/\\\/www.verhoomo52.fi\\\/\",\"name\":\"Verhoomo 52\",\"description\":\"Verhoomo keskell&auml; Helsinki&auml;\",\"publisher\":{\"@id\":\"https:\\\/\\\/www.verhoomo52.fi\\\/#organization\"},\"potentialAction\":[{\"@type\":\"SearchAction\",\"target\":{\"@type\":\"EntryPoint\",\"urlTemplate\":\"https:\\\/\\\/www.verhoomo52.fi\\\/?s={search_term_string}\"},\"query-input\":{\"@type\":\"PropertyValueSpecification\",\"valueRequired\":true,\"valueName\":\"search_term_string\"}}],\"inLanguage\":\"fi\"},{\"@type\":\"Organization\",\"@id\":\"https:\\\/\\\/www.verhoomo52.fi\\\/#organization\",\"name\":\"Verhoomo 52\",\"url\":\"https:\\\/\\\/www.verhoomo52.fi\\\/\",\"logo\":{\"@type\":\"ImageObject\",\"inLanguage\":\"fi\",\"@id\":\"https:\\\/\\\/www.verhoomo52.fi\\\/#\\\/schema\\\/logo\\\/image\\\/\",\"url\":\"https:\\\/\\\/www.verhoomo52.fi\\\/wp-content\\\/uploads\\\/2021\\\/12\\\/Verhoomo52-logo-960-ymp.jpg\",\"contentUrl\":\"https:\\\/\\\/www.verhoomo52.fi\\\/wp-content\\\/uploads\\\/2021\\\/12\\\/Verhoomo52-logo-960-ymp.jpg\",\"width\":960,\"height\":960,\"caption\":\"Verhoomo 52\"},\"image\":{\"@id\":\"https:\\\/\\\/www.verhoomo52.fi\\\/#\\\/schema\\\/logo\\\/image\\\/\"},\"sameAs\":[\"https:\\\/\\\/www.facebook.com\\\/verhoomo52\",\"https:\\\/\\\/www.instagram.com\\\/verhoomo52\\\/\"]}]}<\/script>\n<!-- \/ Yoast SEO plugin. -->","yoast_head_json":{"title":"Yhteystiedot - Verhoomo keskell&auml; Helsinki&auml;","robots":{"index":"index","follow":"follow","max-snippet":"max-snippet:-1","max-image-preview":"max-image-preview:large","max-video-preview":"max-video-preview:-1"},"canonical":"https:\/\/www.verhoomo52.fi\/index.php\/yhteystiedot\/","og_locale":"fi_FI","og_type":"article","og_title":"Yhteystiedot - Verhoomo keskell&auml; Helsinki&auml;","og_description":"Yhteystiedot Tervetuloa verhoomolle! Verhoomo 52 on avoinna sopimuksen mukaan. Otathan yhteytt\u00e4 etuk\u00e4teen, jotta olen varmasti paikalla. Sis\u00e4\u00e4nk\u00e4ynti sijaitsee sis\u00e4pihan puolella, joten pirauta kun saavut paikalla. Verhoomo 52 Y-tunnus 3245318-6 Neitsytpolku 9 00140 Helsinki info@verhoomo52.fi Maria 044 9860 937","og_url":"https:\/\/www.verhoomo52.fi\/index.php\/yhteystiedot\/","og_site_name":"Verhoomo keskell&auml; Helsinki&auml;","article_publisher":"https:\/\/www.facebook.com\/verhoomo52","article_modified_time":"2026-03-18T12:37:55+00:00","og_image":[{"width":1200,"height":638,"url":"https:\/\/www.verhoomo52.fi\/wp-content\/uploads\/2021\/12\/Verhoomo52-Helsinki-etusivu-1200x638.png","type":"image\/png"}],"twitter_card":"summary_large_image","twitter_misc":{"Arvioitu lukuaika":"1 minuutti"},"schema":{"@context":"https:\/\/schema.org","@graph":[{"@type":"WebPage","@id":"https:\/\/www.verhoomo52.fi\/index.php\/yhteystiedot\/","url":"https:\/\/www.verhoomo52.fi\/index.php\/yhteystiedot\/","name":"Yhteystiedot - Verhoomo keskell&auml; Helsinki&auml;","isPartOf":{"@id":"https:\/\/www.verhoomo52.fi\/#website"},"datePublished":"2021-11-17T14:21:06+00:00","dateModified":"2026-03-18T12:37:55+00:00","breadcrumb":{"@id":"https:\/\/www.verhoomo52.fi\/index.php\/yhteystiedot\/#breadcrumb"},"inLanguage":"fi","potentialAction":[{"@type":"ReadAction","target":["https:\/\/www.verhoomo52.fi\/index.php\/yhteystiedot\/"]}]},{"@type":"BreadcrumbList","@id":"https:\/\/www.verhoomo52.fi\/index.php\/yhteystiedot\/#breadcrumb","itemListElement":[{"@type":"ListItem","position":1,"name":"Etusivu","item":"https:\/\/www.verhoomo52.fi\/"},{"@type":"ListItem","position":2,"name":"Yhteystiedot"}]},{"@type":"WebSite","@id":"https:\/\/www.verhoomo52.fi\/#website","url":"https:\/\/www.verhoomo52.fi\/","name":"Verhoomo 52","description":"Verhoomo keskell&auml; Helsinki&auml;","publisher":{"@id":"https:\/\/www.verhoomo52.fi\/#organization"},"potentialAction":[{"@type":"SearchAction","target":{"@type":"EntryPoint","urlTemplate":"https:\/\/www.verhoomo52.fi\/?s={search_term_string}"},"query-input":{"@type":"PropertyValueSpecification","valueRequired":true,"valueName":"search_term_string"}}],"inLanguage":"fi"},{"@type":"Organization","@id":"https:\/\/www.verhoomo52.fi\/#organization","name":"Verhoomo 52","url":"https:\/\/www.verhoomo52.fi\/","logo":{"@type":"ImageObject","inLanguage":"fi","@id":"https:\/\/www.verhoomo52.fi\/#\/schema\/logo\/image\/","url":"https:\/\/www.verhoomo52.fi\/wp-content\/uploads\/2021\/12\/Verhoomo52-logo-960-ymp.jpg","contentUrl":"https:\/\/www.verhoomo52.fi\/wp-content\/uploads\/2021\/12\/Verhoomo52-logo-960-ymp.jpg","width":960,"height":960,"caption":"Verhoomo 52"},"image":{"@id":"https:\/\/www.verhoomo52.fi\/#\/schema\/logo\/image\/"},"sameAs":["https:\/\/www.facebook.com\/verhoomo52","https:\/\/www.instagram.com\/verhoomo52\/"]}]}},"_links":{"self":[{"href":"https:\/\/www.verhoomo52.fi\/index.php\/wp-json\/wp\/v2\/pages\/122","targetHints":{"allow":["GET"]}}],"collection":[{"href":"https:\/\/www.verhoomo52.fi\/index.php\/wp-json\/wp\/v2\/pages"}],"about":[{"href":"https:\/\/www.verhoomo52.fi\/index.php\/wp-json\/wp\/v2\/types\/page"}],"author":[{"embeddable":true,"href":"https:\/\/www.verhoomo52.fi\/index.php\/wp-json\/wp\/v2\/users\/1"}],"replies":[{"embeddable":true,"href":"https:\/\/www.verhoomo52.fi\/index.php\/wp-json\/wp\/v2\/comments?post=122"}],"version-history":[{"count":125,"href":"https:\/\/www.verhoomo52.fi\/index.php\/wp-json\/wp\/v2\/pages\/122\/revisions"}],"predecessor-version":[{"id":2145,"href":"https:\/\/www.verhoomo52.fi\/index.php\/wp-json\/wp\/v2\/pages\/122\/revisions\/2145"}],"wp:attachment":[{"href":"https:\/\/www.verhoomo52.fi\/index.php\/wp-json\/wp\/v2\/media?parent=122"}],"curies":[{"name":"wp","href":"https:\/\/api.w.org\/{rel}","templated":true}]}}